{"id":27,"date":"2020-03-08T13:08:20","date_gmt":"2020-03-08T13:08:20","guid":{"rendered":"http:\/\/kipupiste.fi\/New\/?page_id=27"},"modified":"2025-06-16T17:39:56","modified_gmt":"2025-06-16T17:39:56","slug":"yhteystiedot","status":"publish","type":"page","link":"https:\/\/kipupiste.fi\/index.php\/yhteystiedot\/","title":{"rendered":"Yhteystiedot"},"content":{"rendered":"\n<figure><iframe loading=\"lazy\" src=\"https:\/\/www.google.com\/maps\/embed?pb=!1m18!1m12!1m3!1d1813.3037960110362!2d23.035293916677293!3d62.96833848307653!2m3!1f0!2f0!3f0!3m2!1i1024!2i768!4f13.1!3m3!1m2!1s0x4687b3af4aedf001%3A0xf195a6f52282a5a6!2sMyllykyl%C3%A4ntie%204%2C%2062100%20Lapua!5e0!3m2!1sen!2sfi!4v1589627592964!5m2!1sen!2sfi\" width=\"400\" height=\"300\" allowfullscreen=\"\"><\/iframe><\/figure>\n\n\n\n<h4 class=\"wp-block-heading\"><strong>Myllykyl\u00e4ntie 4<\/strong> <\/h4>\n\n\n\n<h4 class=\"wp-block-heading\"><strong>62100 Lapua<\/strong>&nbsp;<\/h4>\n\n\n\n<h4 class=\"wp-block-heading\"><strong>050 4085 499<\/strong><\/h4>\n\n\n\n<p>Henkil\u00f6kunnan s\u00e4hk\u00f6postit ovat muotoa etunimi.sukunimi@kipupiste.fi<\/p>\n\n\n\n<hr class=\"wp-block-separator has-alpha-channel-opacity is-style-wide\"\/>\n\n\n\n<p>Turvas\u00e4hk\u00f6postilla voit l\u00e4hett\u00e4\u00e4 viestin turvallisesti Kipupisteen henkil\u00f6kunnalle:<\/p>\n\n\n\n<div class=\"wp-block-buttons is-content-justification-left is-layout-flex wp-container-core-buttons-is-layout-497c4cc1 wp-block-buttons-is-layout-flex\">\n<div class=\"wp-block-button is-style-fill\"><a class=\"wp-block-button__link wp-element-button\" href=\"https:\/\/turvaposti.fi\/viesti\/pihlajamaki.henna@gmail.com\" target=\"_blank\">L\u00e4het\u00e4 Turvas\u00e4hk\u00f6posti<\/a><\/div>\n<\/div>\n\n\n\n<hr class=\"wp-block-separator has-alpha-channel-opacity is-style-wide\"\/>\n\n\n\n<div class=\"wp-block-buttons is-content-justification-left is-layout-flex wp-container-core-buttons-is-layout-fdcfc74e wp-block-buttons-is-layout-flex\">\n<div class=\"wp-block-button\"><a class=\"wp-block-button__link wp-element-button\" href=\"https:\/\/kipupiste.fi\/\">ETUSIVULLE<\/a><\/div>\n<\/div>\n\n\n\n<p><\/p>\n\n\n\n<p><\/p>\n","protected":false},"excerpt":{"rendered":"<p>Myllykyl\u00e4ntie 4 62100 Lapua&nbsp; 050 4085 499 Henkil\u00f6kunnan s\u00e4hk\u00f6postit ovat muotoa etunimi.sukunimi@kipupiste.fi Turvas\u00e4hk\u00f6postilla voit l\u00e4hett\u00e4\u00e4 viestin turvallisesti Kipupisteen henkil\u00f6kunnalle:<\/p>\n","protected":false},"author":1,"featured_media":0,"parent":0,"menu_order":0,"comment_status":"closed","ping_status":"closed","template":"","meta":{"footnotes":""},"class_list":["post-27","page","type-page","status-publish","hentry"],"_links":{"self":[{"href":"https:\/\/kipupiste.fi\/index.php\/wp-json\/wp\/v2\/pages\/27","targetHints":{"allow":["GET"]}}],"collection":[{"href":"https:\/\/kipupiste.fi\/index.php\/wp-json\/wp\/v2\/pages"}],"about":[{"href":"https:\/\/kipupiste.fi\/index.php\/wp-json\/wp\/v2\/types\/page"}],"author":[{"embeddable":true,"href":"https:\/\/kipupiste.fi\/index.php\/wp-json\/wp\/v2\/users\/1"}],"replies":[{"embeddable":true,"href":"https:\/\/kipupiste.fi\/index.php\/wp-json\/wp\/v2\/comments?post=27"}],"version-history":[{"count":14,"href":"https:\/\/kipupiste.fi\/index.php\/wp-json\/wp\/v2\/pages\/27\/revisions"}],"predecessor-version":[{"id":402,"href":"https:\/\/kipupiste.fi\/index.php\/wp-json\/wp\/v2\/pages\/27\/revisions\/402"}],"wp:attachment":[{"href":"https:\/\/kipupiste.fi\/index.php\/wp-json\/wp\/v2\/media?parent=27"}],"curies":[{"name":"wp","href":"https:\/\/api.w.org\/{rel}","templated":true}]}}