{"id":25,"date":"2020-03-08T13:08:19","date_gmt":"2020-03-08T13:08:19","guid":{"rendered":"http:\/\/kipupiste.fi\/New\/?page_id=25"},"modified":"2026-04-05T09:26:05","modified_gmt":"2026-04-05T09:26:05","slug":"henkilokunta","status":"publish","type":"page","link":"https:\/\/kipupiste.fi\/index.php\/sample-page\/henkilokunta\/","title":{"rendered":"Henkil\u00f6kunta"},"content":{"rendered":"\n<div class=\"wp-block-media-text alignwide is-stacked-on-mobile is-image-fill-element has-very-light-gray-background-color has-background\" style=\"grid-template-columns:41% auto\"><figure class=\"wp-block-media-text__media\"><img loading=\"lazy\" decoding=\"async\" width=\"576\" height=\"1024\" src=\"http:\/\/www.kipupiste.fi\/wp-content\/uploads\/2020\/06\/henna3-576x1024.jpg\" alt=\"\" class=\"wp-image-182 size-full\" style=\"object-position:56% 37%\" srcset=\"https:\/\/kipupiste.fi\/wp-content\/uploads\/2020\/06\/henna3-576x1024.jpg 576w, https:\/\/kipupiste.fi\/wp-content\/uploads\/2020\/06\/henna3-169x300.jpg 169w, https:\/\/kipupiste.fi\/wp-content\/uploads\/2020\/06\/henna3-768x1366.jpg 768w, https:\/\/kipupiste.fi\/wp-content\/uploads\/2020\/06\/henna3-864x1536.jpg 864w, https:\/\/kipupiste.fi\/wp-content\/uploads\/2020\/06\/henna3.jpg 899w\" sizes=\"auto, (max-width: 576px) 100vw, 576px\" \/><\/figure><div class=\"wp-block-media-text__content\">\n<p class=\"has-black-color has-text-color has-medium-font-size\"><br><strong>Henna Pihlajam\u00e4ki&nbsp;&#8211; <\/strong>Fysioterapeutti (AMK), pofy, OMT-fysioterapian asiantuntija<\/p>\n\n\n\n<p class=\"has-black-color has-text-color\">Erikoisosaaminen ja pitk\u00e4t t\u00e4ydennyskoulutukset:<\/p>\n\n\n\n<p>OMT-tutkinto; tuki- ja liikuntaelinongelmien (rangan alueen, nivelten, lihas-, j\u00e4nne ja hermoj\u00e4rjestelm\u00e4n sairaudet ja kiputilat) tutkiminen ja terapia. Alaraajaongelmien tutkiminen ja hoitaminen (pofy), Pitkittyneet ja komplisoituneet kiputilat ja niiden fysioterapia, \u00e4itiysfysioterapia, fasciamanipulaatio Stecco level 1-3; sidekudosten osuus oirekuvassa<\/p>\n\n\n\n<p class=\"has-black-color has-text-color\">Kelan vaativa l\u00e4\u00e4kinn\u00e4llinen kuntoutus, kouluttajan teht\u00e4v\u00e4t<\/p>\n\n\n\n<p class=\"has-black-color has-text-color\">Lis\u00e4ksi lukuisia lyhytkursseja ja t\u00e4ydennyskoulutuksia vuosittain<\/p>\n<\/div><\/div>\n\n\n\n<p><\/p>\n\n\n\n<div class=\"wp-block-media-text is-stacked-on-mobile is-image-fill-element has-very-light-gray-background-color has-background\" style=\"grid-template-columns:37% auto\"><figure class=\"wp-block-media-text__media\"><img loading=\"lazy\" decoding=\"async\" width=\"871\" height=\"1024\" src=\"https:\/\/kipupiste.fi\/wp-content\/uploads\/2026\/04\/Joni-871x1024.jpg\" alt=\"Joni Vuorenmaa, fysioterapeutti (AMK)\" class=\"wp-image-423 size-full\" style=\"object-position:50% 50%\" srcset=\"https:\/\/kipupiste.fi\/wp-content\/uploads\/2026\/04\/Joni-871x1024.jpg 871w, https:\/\/kipupiste.fi\/wp-content\/uploads\/2026\/04\/Joni-255x300.jpg 255w, https:\/\/kipupiste.fi\/wp-content\/uploads\/2026\/04\/Joni-768x903.jpg 768w, https:\/\/kipupiste.fi\/wp-content\/uploads\/2026\/04\/Joni-1307x1536.jpg 1307w, https:\/\/kipupiste.fi\/wp-content\/uploads\/2026\/04\/Joni-1743x2048.jpg 1743w\" sizes=\"auto, (max-width: 871px) 100vw, 871px\" \/><\/figure><div class=\"wp-block-media-text__content\">\n<p class=\"has-black-color has-text-color has-medium-font-size\"><br><strong>Joni Vuorenmaa&nbsp;&#8211; <\/strong>Fysioterapeutti (AMK), hieroja<\/p>\n\n\n\n<p class=\"has-black-color has-text-color\">Erikoisosaaminen ja pitk\u00e4t t\u00e4ydennyskoulutukset:<\/p>\n\n\n\n<p>Neurologiset sairaudet ja niiden fysioterapia, allasterapia, niska-hartiaseudun oireet sek\u00e4 alaraajaongelmien tutkiminen ja fysioterapia<\/p>\n\n\n\n<p class=\"has-black-color has-text-color\">Kelan vaativa l\u00e4\u00e4kinn\u00e4llinen kuntoutus ja allasterapia<\/p>\n<\/div><\/div>\n\n\n\n<div class=\"wp-block-media-text is-stacked-on-mobile is-image-fill-element has-very-light-gray-background-color has-background\" style=\"grid-template-columns:37% auto\"><figure class=\"wp-block-media-text__media\"><img loading=\"lazy\" decoding=\"async\" width=\"1024\" height=\"576\" src=\"https:\/\/kipupiste.fi\/wp-content\/uploads\/2020\/04\/Heidi-3-1024x576.jpg\" alt=\"\" class=\"wp-image-56 size-full\" style=\"object-position:50% 50%\" srcset=\"https:\/\/kipupiste.fi\/wp-content\/uploads\/2020\/04\/Heidi-3-1024x576.jpg 1024w, https:\/\/kipupiste.fi\/wp-content\/uploads\/2020\/04\/Heidi-3-300x169.jpg 300w, https:\/\/kipupiste.fi\/wp-content\/uploads\/2020\/04\/Heidi-3-768x432.jpg 768w, https:\/\/kipupiste.fi\/wp-content\/uploads\/2020\/04\/Heidi-3-1536x864.jpg 1536w, https:\/\/kipupiste.fi\/wp-content\/uploads\/2020\/04\/Heidi-3-107x60.jpg 107w, https:\/\/kipupiste.fi\/wp-content\/uploads\/2020\/04\/Heidi-3.jpg 1599w\" sizes=\"auto, (max-width: 1024px) 100vw, 1024px\" \/><\/figure><div class=\"wp-block-media-text__content\">\n<p class=\"has-black-color has-text-color has-medium-font-size\"><strong>Heidi Hakom\u00e4ki &#8211; <\/strong>Fysioterapeutti (AMK), Lymfaterapeutti, Ravintovalmentaja, PhysioTrainer<\/p>\n\n\n\n<p class=\"has-black-color has-text-color\">Erikoisosaaminen ja pitk\u00e4t t\u00e4ydennyskoulutukset: Lymfaterapeutti (LYKO), Ravintovalmentaja, PhysioTrainer; harjoitteluterapiasta voimaharjitteluun, \u00c4itiysfysioterapian perusteet, kipupotilaan fysioterapia<\/p>\n\n\n\n<p class=\"has-black-color has-text-color\">Lis\u00e4ksi useita lyhytkursseja purentatoimintah\u00e4iri\u00f6ist\u00e4 lantionpohjan fysioterapiaan ja skolioosin hoitoon.<\/p>\n\n\n\n<p>Kelan vaativa l\u00e4\u00e4kinn\u00e4llinen kuntoutus ja allasterapia<\/p>\n\n\n\n<p class=\"has-text-align-center\">Maarit Keskinen t\u00e4ydent\u00e4\u00e4 lymfaterapian palvelutarjontaamme Heidin vanhempainvapaan ajan<\/p>\n<\/div><\/div>\n\n\n\n<p><\/p>\n\n\n\n<div class=\"wp-block-media-text alignwide has-media-on-the-right is-stacked-on-mobile is-image-fill-element has-very-light-gray-background-color has-background\" style=\"grid-template-columns:auto 31%\"><div class=\"wp-block-media-text__content\">\n<p class=\"has-black-color has-text-color has-medium-font-size\"><strong>Juha-Matti Marttila<\/strong> &#8211; Fysioterapeutti (AMK), OMT-fysioterapeutti&nbsp;<\/p>\n\n\n\n<p class=\"has-black-color has-text-color\">Erikoisosaaminen ja pitk\u00e4t t\u00e4ydennyskoulutukset: <\/p>\n\n\n\n<p>OMT-tutkinto; tuki- ja liikuntaelinongelmien (rangan alueen, nivelten, lihas-, j\u00e4nne ja hermoj\u00e4rjestelm\u00e4n sairaudet ja kiputilat) tutkiminen ja terapia. Akupunktio, MDT-terapia<\/p>\n\n\n\n<p class=\"has-black-color has-text-color\">useita lyhytkursseja mm: harjoittelu- ja urheilufysioterapiasta manuaalisiin tekniikoihin<\/p>\n\n\n\n<p>Kelan vaativan l\u00e4\u00e4kinn\u00e4llinen kuntoutus<\/p>\n<\/div><figure class=\"wp-block-media-text__media\"><img loading=\"lazy\" decoding=\"async\" width=\"576\" height=\"1024\" src=\"http:\/\/www.kipupiste.fi\/wp-content\/uploads\/2020\/04\/Juha-Matti-Marttila1-576x1024.jpg\" alt=\"\" class=\"wp-image-60 size-full\" style=\"object-position:51% 11%\" srcset=\"https:\/\/kipupiste.fi\/wp-content\/uploads\/2020\/04\/Juha-Matti-Marttila1-576x1024.jpg 576w, https:\/\/kipupiste.fi\/wp-content\/uploads\/2020\/04\/Juha-Matti-Marttila1-169x300.jpg 169w, https:\/\/kipupiste.fi\/wp-content\/uploads\/2020\/04\/Juha-Matti-Marttila1-768x1365.jpg 768w, https:\/\/kipupiste.fi\/wp-content\/uploads\/2020\/04\/Juha-Matti-Marttila1-34x60.jpg 34w, https:\/\/kipupiste.fi\/wp-content\/uploads\/2020\/04\/Juha-Matti-Marttila1.jpg 844w\" sizes=\"auto, (max-width: 576px) 100vw, 576px\" \/><\/figure><\/div>\n\n\n\n<p><\/p>\n\n\n\n<div class=\"wp-block-buttons is-horizontal is-content-justification-center is-layout-flex wp-container-core-buttons-is-layout-499968f5 wp-block-buttons-is-layout-flex\">\n<div class=\"wp-block-button\"><a class=\"wp-block-button__link wp-element-button\" href=\"https:\/\/kipupiste.fi\/\">ETUSIVULLE<\/a><\/div>\n<\/div>\n","protected":false},"excerpt":{"rendered":"<p>Henna Pihlajam\u00e4ki&nbsp;&#8211; Fysioterapeutti (AMK), pofy, OMT-fysioterapian asiantuntija Erikoisosaaminen ja pitk\u00e4t t\u00e4ydennyskoulutukset: OMT-tutkinto; tuki- ja liikuntaelinongelmien (rangan alueen, nivelten, lihas-, j\u00e4nne ja hermoj\u00e4rjestelm\u00e4n sairaudet ja kiputilat) tutkiminen ja terapia. Alaraajaongelmien tutkiminen ja hoitaminen (pofy), Pitkittyneet ja komplisoituneet kiputilat ja niiden fysioterapia, \u00e4itiysfysioterapia, fasciamanipulaatio Stecco level 1-3; sidekudosten osuus oirekuvassa Kelan vaativa l\u00e4\u00e4kinn\u00e4llinen kuntoutus, kouluttajan teht\u00e4v\u00e4t Lis\u00e4ksi lukuisia lyhytkursseja ja t\u00e4ydennyskoulutuksia vuosittain [&hellip;]<\/p>\n","protected":false},"author":1,"featured_media":0,"parent":2,"menu_order":0,"comment_status":"closed","ping_status":"closed","template":"page-templates\/full-width-container.php","meta":{"footnotes":""},"class_list":["post-25","page","type-page","status-publish","hentry"],"_links":{"self":[{"href":"https:\/\/kipupiste.fi\/index.php\/wp-json\/wp\/v2\/pages\/25","targetHints":{"allow":["GET"]}}],"collection":[{"href":"https:\/\/kipupiste.fi\/index.php\/wp-json\/wp\/v2\/pages"}],"about":[{"href":"https:\/\/kipupiste.fi\/index.php\/wp-json\/wp\/v2\/types\/page"}],"author":[{"embeddable":true,"href":"https:\/\/kipupiste.fi\/index.php\/wp-json\/wp\/v2\/users\/1"}],"replies":[{"embeddable":true,"href":"https:\/\/kipupiste.fi\/index.php\/wp-json\/wp\/v2\/comments?post=25"}],"version-history":[{"count":65,"href":"https:\/\/kipupiste.fi\/index.php\/wp-json\/wp\/v2\/pages\/25\/revisions"}],"predecessor-version":[{"id":426,"href":"https:\/\/kipupiste.fi\/index.php\/wp-json\/wp\/v2\/pages\/25\/revisions\/426"}],"up":[{"embeddable":true,"href":"https:\/\/kipupiste.fi\/index.php\/wp-json\/wp\/v2\/pages\/2"}],"wp:attachment":[{"href":"https:\/\/kipupiste.fi\/index.php\/wp-json\/wp\/v2\/media?parent=25"}],"curies":[{"name":"wp","href":"https:\/\/api.w.org\/{rel}","templated":true}]}}